{"id":631,"date":"2024-03-05T13:13:33","date_gmt":"2024-03-05T11:13:33","guid":{"rendered":"https:\/\/probidas.lt\/privacy-policy\/"},"modified":"2026-02-02T13:08:24","modified_gmt":"2026-02-02T11:08:24","slug":"privacy-policy","status":"publish","type":"page","link":"https:\/\/probidas.lt\/en\/privacy-policy\/","title":{"rendered":"Privacy Policy"},"content":{"rendered":"\n<h3 class=\"wp-block-heading\">1. Bendrosios nuostatos<\/h3>\n\n<ol class=\"wp-block-list\">\n<li>\u0160i privatumo politika reglamentuoja MB &#8220;Motolimitas&#8221;, \u012fmon\u0117s kodas 304891451, esanti adresu Au\u0161rin\u0117s g. 30-2, Radikiai, Kauno r., Lietuva, LT-54381, el. pa\u0161tas: info@probidas.lt, (toliau \u2013 Paslaug\u0173 teik\u0117jas) ir tai asmuo, u\u017esakantis paslaugas, sumok\u0117j\u0119s nurodyt\u0105 kain\u0105 (toliau \u2013 J\u016bs, J\u016bs\u0173). Pagrindinius asmens duomen\u0173 rinkimo, tvarkymo ir saugojimo principus bei tvark\u0105.<\/li>\n\n\n\n<li>J\u016bs\u0173 asmens duomen\u0173 rinkim\u0105, tvarkym\u0105 ir saugojim\u0105 nustato \u0161i privatumo politika, Lietuvos Respublikos Asmens duomen\u0173 teisin\u0117s apsaugos \u012fstatymas ir kiti teis\u0117s aktai.<\/li>\n\n\n\n<li>Svetain\u0117je nurodydami savo asmens duomenis, sutinkate, kad paslaug\u0173 teik\u0117jas juos valdys ir tvarkys \u0161ioje privatumo politikoje bei teis\u0117s aktuose numatytais tikslais, priemon\u0117mis ir tvarka.<\/li>\n<\/ol>\n\n<h3 class=\"wp-block-heading\">2. Asmens duomen\u0173 rinkimas, tvarkymas, saugojimas<\/h3>\n\n<ol class=\"wp-block-list\">\n<li>Paslaug\u0173 teik\u0117jas vadovaujasi \u0161iais pagrindiniais asmens duomen\u0173 tvarkymo principais:\n<ol class=\"wp-block-list\">\n<li>Asmens duomenys renkami apibr\u0117\u017etais ir teis\u0117tais tikslais.<\/li>\n\n\n\n<li>Asmens duomenys tvarkomi tiksliai ir s\u0105\u017einingai.<\/li>\n\n\n\n<li>Asmens duomenys nuolat atnaujinami.<\/li>\n\n\n\n<li>Asmens duomenys saugojami ne ilgiau, nei to reikalauja nustatyti duomen\u0173 tvarkymo tikslai.<\/li>\n\n\n\n<li>Asmens duomenis tvarko tik tie darbuotojai, kuriems suteikta tokia teis\u0117.<\/li>\n\n\n\n<li>Visa informacija apie tvarkomus asmens duomenis yra konfidenciali.<\/li>\n<\/ol>\n<\/li>\n\n\n\n<li>Paslaug\u0173 teik\u0117jas gerbia kiekvieno J\u016bs\u0173 teis\u0119 \u012f privatum\u0105. J\u016bs\u0173 asmens duomenys (vardas, pavard\u0117, adresas, telefono numeris, elektroninio pa\u0161to adresas ir kita svetain\u0117s registracijos formoje nurodyta informacija) renkami ir tvarkomi \u0161iems tikslams: \n<ol class=\"wp-block-list\">\n<li>Pateikti informacij\u0105 pagal J\u016bs\u0173 u\u017eklausas<\/li>\n\n\n\n<li>I\u0161ra\u0161yti finansinius dokumentus (pvz.: s\u0105skaitas fakt\u016bras)<\/li>\n\n\n\n<li>Naujienlai\u0161ki\u0173 siuntimui<\/li>\n\n\n\n<li>Tinklapio naudojimo paslaugoms<\/li>\n\n\n\n<li>Tiesioginiais rinkodaros tikslais<\/li>\n<\/ol>\n<\/li>\n<\/ol>\n\n<h3 class=\"wp-block-heading\">3. Asmens duomen\u0173 perdavimas tre\u010diosioms \u0161alims<\/h3>\n\n<ol class=\"wp-block-list\">\n<li>Paslaug\u0173 teik\u0117jas turi teis\u0119 perduoti informacij\u0105 tre\u010dioms \u0161alims, tik punkto 2.2 tikslams pasiekti.<\/li>\n\n\n\n<li>Tik Lietuvos Respublikos \u012fstatym\u0173 nustatyta tvarka.<\/li>\n<\/ol>\n\n<h3 class=\"wp-block-heading\">4. Registracijos pateikimo taisykl\u0117s<\/h3>\n\n<ol class=\"wp-block-list\">\n<li>J\u016bs registracijos formoje turite pateikti piln\u0105, i\u0161sami\u0105 ir teising\u0105 informacij\u0105 apie save. Jeigu registracijos formoje J\u016bs pateikiate netikslius, melagingus ar klaidinan\u010dius duomenis, mes turime teis\u0119 anuliuoti J\u016bs\u0173 registracij\u0105 ir i\u0161trinti duomenis arba apriboti J\u016bs\u0173 galimybes naudotis svetaine. <\/li>\n<\/ol>\n\n<h3 class=\"wp-block-heading\">5. Slapukai (angl. cookies)<\/h3>\n\n<ol class=\"wp-block-list\">\n<li>Informuojame, jog tam, kad gal\u0117tume pasi\u016blyti Jums visavertes paslaugas m\u016bs\u0173 svetain\u0117je, J\u016bs\u0173 kompiuteryje (\u012frenginyje) \u012fra\u0161ome informacij\u0105 (slapukus, angl. \u201ccookies\u201d). \u012era\u0161yt\u0105 informacij\u0105 naudosime atpa\u017eindami Jus, kaip ankstesn\u012f svetain\u0117s naudotoj\u0105, rinkdami svetain\u0117s lankomumo statistik\u0105. J\u016bs bet kada galite per\u017ei\u016br\u0117ti, koki\u0105 informacij\u0105 (slapukus) \u012fra\u0161ome, ir galite i\u0161trinti dal\u012f ar visus \u012fra\u0161ytus slapukus. Taip pat turite teis\u0119 nesutikti, kad b\u016bt\u0173 \u012fra\u0161oma ir naudojama informacija (slapukai) J\u016bs\u0173 kompiuteryje (\u012frenginyje), ta\u010diau tokiu atveju kai kurios svetain\u0117s funkcijos Jums gali b\u016bti neprieinamos. Preziumuojame, jog naudodamasis m\u016bs\u0173 svetaine sutinkame su tuo, kad J\u016bs\u0173 kompiuteryje (\u012frenginyje) b\u016bt\u0173 \u012fra\u0161oma informacija. Savo duot\u0105 sutikim\u0105 bet kada gal\u0117site at\u0161aukti, pakeisdami savo interneto nar\u0161ykl\u0117s nustatymus, ar kreipdamiesi \u012f mus bet kuriais svetain\u0117je skelbiamais kontaktais.     <\/li>\n<\/ol>\n\n<h3 class=\"wp-block-heading\">6. Google Analytics<\/h3>\n\n<ol class=\"wp-block-list\">\n<li>Naudojame \u201cGoogle Analytics\u201d, kad matytum\u0117me statistines analizes. \u201cGoogle Analytics\u201d \u017einiatinklio analiz\u0117s paslauga yra teikiama \u201cGoogle Ireland Limited\u201d, Gordon House, Barrow Street, Dublin 4, Ireland, (\u201eGoogle\u201c). \u201eGoogle Analytics\u201c naudoja slapukus, tekstinius failus, kurie i\u0161saugomi J\u016bs\u0173 kompiuteryje ir leid\u017eia analizuoti, kaip J\u016bs naudojat\u0117s tinklapiu. Slapuko sugeneruota informacija apie J\u016bs\u0173 naudojim\u0105si \u0161iuo tinklapiu bus perduodama \u201eGoogle\u201c serveriui Europoje ir ten saugoma. Ta\u010diau, jei \u0161iame tinklapyje bus \u012fjungtas IP anonimizavimas, j\u016bs\u0173 IP adresas bus sutrumpintas Europos S\u0105jungos valstyb\u0117se nar\u0117se ar kitose Europos ekonomin\u0117s erdv\u0117s sutarties \u0161alyse. Tik i\u0161skirtiniais atvejais visas IP adresas bus siun\u010diamas \u012f \u201eGoogle\u201c server\u012f Europoje ir ten sutrumpinamas. \u201eGoogle\u201c \u0161io tinklapio operatoriaus vardu naudos \u0161i\u0105 informacij\u0105, kad \u012fvertint\u0173 naudojim\u0105si \u0161iuo tinklapiu, sudaryt\u0173 ataskaitas apie veikl\u0105 tinklapyje ir tinklapio operatoriui teikt\u0173 kitas paslaugas, susijusias su tinklapio ir interneto naudojimu. IP adresas, kuris i\u0161 J\u016bs\u0173 nar\u0161ykl\u0117s bus perduotas \u201eGoogle Analytics\u201c, nebus susietas su kitais \u201eGoogle\u201c duomenimis. Galite u\u017ekirsti keli\u0105 \u201eGoogle\u201c rinkti slapuk\u0173 sugeneruotus duomenis apie J\u016bs\u0173 naudojim\u0105si tinklapiu (\u012fskaitant J\u016bs\u0173 IP adres\u0105) ir \u0161i\u0173 duomen\u0173 apdorojimui, atsisi\u0173sdami ir \u012fdiegdami nar\u0161ykl\u0117s papildin\u012f: https:\/\/tools.google.com\/dlpage\/gaoptout?hl=en        <\/li>\n\n\n\n<li>Daugiau informacijos galite rasti http:\/\/tools.google.com\/dlpage\/gaoptout?hl=lt arba http:\/\/www.google.com\/intl\/de\/analytics\/privacyoverview.html (bendra informacija apie \u201eGoogle Analytics\u201c ir duomen\u0173 apsaug\u0105).<\/li>\n<\/ol>\n\n<h3 class=\"wp-block-heading\">7. Google AdWords<\/h3>\n\n<ol class=\"wp-block-list\">\n<li>Naudojame \u201eGoogle AdWords\u201c internetin\u0117s reklamos program\u0105 ir konversij\u0173 steb\u0117jim\u0105 kaip \u201eGoogle AdWords\u201d dal\u012f. \u201eGoogle Conversion Tracking\u201d yra \u201eGoogle Ireland Limited\u201d teikiama analiz\u0117s paslauga (Gordon House, Barrow Street, Dublin 4, Ireland, \u201cGoogle\u201d). Slapukas bus nustatytas, jei \u012f m\u016bs\u0173 tinklap\u012f pateksite per \u201eGoogle\u201d skelbim\u0105. \u0160ie slapukai nustos galioti po 30 dien\u0173, jie n\u0117ra naudojami asmeniniam identifikavimui. Jei apsilankote tam tikrose m\u016bs\u0173 tinklapio dalyse, o slapuko galiojimo laikas dar nesibaig\u0119s, \u201eGoogle\u201c ir mes galime atpa\u017einti, kad spustel\u0117jote skelbim\u0105 ir buvote nukreipti \u012f m\u016bs\u0173 tinklap\u012f. Kiekvienas \u201eAdWords\u201c u\u017esakovas gauna atskir\u0105 slapuk\u0105, t. y. slapuk\u0173 negalima atsekti per \u201eAdWords\u201c u\u017esakov\u0173 tinklapius. I\u0161 konversijos slapuk\u0173 gauta informacija naudojama generuoti konversij\u0173 statistik\u0105 \u201eAdWords\u201c reklamos u\u017esakovams, kurie pasirinko konversij\u0173 steb\u0117jim\u0105. Reklamos u\u017esakovai su\u017eino bendr\u0105 vartotoj\u0173, kurie spustel\u0117jo j\u0173 skelbim\u0105 ir buvo nukreipti \u012f konversij\u0173 steb\u0117jimo puslap\u012f, skai\u010di\u0173. Ta\u010diau jie negauna jokios informacijos, leid\u017eian\u010dios asmeni\u0161kai identifikuoti vartotojus. Tod\u0117l negalima susieti asmens duomen\u0173 su vartotojo duomenimis. Jei norite i\u0161jungti konversij\u0173 steb\u0117jimo slapukus, galite atitinkamai nustatyti savo nar\u0161ykl\u0119, kad ji blokuot\u0173 slapukus i\u0161 domeno: \u201egoogleadservices.com\u201d.    <\/li>\n<\/ol>\n\n<h3 class=\"wp-block-heading\">8. Taisykli\u0173 keitimas ir baigiamosios nuostatos<\/h3>\n\n<ol class=\"wp-block-list\">\n<li>Paslaug\u0173 teik\u0117jas turi teis\u0119 i\u0161 dalies ar visi\u0161kai pakeisti Privatumo s\u0105lygas apie tai prane\u0161dami savo svetain\u0117je. Tolimesnis naudojimasis m\u016bs\u0173 tinklapio paslaugomis rei\u0161kia \u0161i\u0173 taisykli\u0173 laikym\u0105si. Visi i\u0161kil\u0119 nesutarimai ir gin\u010dai sprend\u017eiami deryb\u0173 b\u016bdu. Nepavykus susitarti, gin\u010dai sprend\u017eiami pagal LR \u012fstatymus.   <\/li>\n<\/ol>\n\n<h3 class=\"wp-block-heading\">9. J\u016bs\u0173 teis\u0117s<\/h3>\n\n<ol class=\"wp-block-list\">\n<li>pra\u0161yti, kad mes leistume susipa\u017einti su J\u016bs\u0173 asmens duomenimis;<\/li>\n\n\n\n<li>reikalauti i\u0161taisyti asmens duomenis;<\/li>\n\n\n\n<li>reikalauti apriboti J\u016bs\u0173 asmens duomen\u0173 tvarkym\u0105;<\/li>\n\n\n\n<li>reikalauti i\u0161trinti asmens duomenis;<\/li>\n\n\n\n<li>at\u0161aukti savo sutikim\u0105, jei duomenys tvarkomi sutikimo pagrindu;<\/li>\n\n\n\n<li>pra\u0161yti perkelti asmens duomenis kitam duomen\u0173 valdytojui;<\/li>\n\n\n\n<li>nesutikti su J\u016bs\u0173 asmens duomen\u0173 tvarkymu, kai jie tvarkomi teis\u0117to intereso pagrindu;<\/li>\n\n\n\n<li>pateikti skund\u0105 Valstybinei duomen\u0173 apsaugos inspekcijai (daugiau informacijos \u2013 https:\/\/vdai.lrv.lt\/). Pra\u0161ym\u0105 d\u0117l auk\u0161\u010diau nurodyt\u0173 teisi\u0173 \u012fgyvendinimo, taip pat skundus, prane\u0161imus ar pra\u0161ymus J\u016bs galite pateikti mums el. pa\u0161tu: info@probidas.lt <\/li>\n<\/ol>\n","protected":false},"excerpt":{"rendered":"<p>1. Bendrosios nuostatos 2. Asmens duomen\u0173 rinkimas, tvarkymas, saugojimas 3. Asmens duomen\u0173 perdavimas tre\u010diosioms \u0161alims 4. Registracijos pateikimo taisykl\u0117s 5. Slapukai (angl. cookies) 6. Google Analytics 7. Google AdWords 8. Taisykli\u0173 keitimas ir baigiamosios nuostatos 9. J\u016bs\u0173 teis\u0117s<\/p>\n","protected":false},"author":1,"featured_media":0,"parent":0,"menu_order":0,"comment_status":"closed","ping_status":"closed","template":"","meta":{"footnotes":""},"class_list":["post-631","page","type-page","status-publish","hentry"],"yoast_head":"<!-- This site is optimized with the Yoast SEO plugin v27.2 - https:\/\/yoast.com\/product\/yoast-seo-wordpress\/ -->\n<title>Privacy Policy - Probidas<\/title>\n<meta name=\"robots\" content=\"index, follow, max-snippet:-1, max-image-preview:large, max-video-preview:-1\" \/>\n<link rel=\"canonical\" href=\"https:\/\/probidas.lt\/en\/privacy-policy\/\" \/>\n<meta property=\"og:locale\" content=\"en_US\" \/>\n<meta property=\"og:type\" content=\"article\" \/>\n<meta property=\"og:title\" content=\"Privacy Policy - Probidas\" \/>\n<meta property=\"og:description\" content=\"1. Bendrosios nuostatos 2. Asmens duomen\u0173 rinkimas, tvarkymas, saugojimas 3. Asmens duomen\u0173 perdavimas tre\u010diosioms \u0161alims 4. Registracijos pateikimo taisykl\u0117s 5. Slapukai (angl. cookies) 6. Google Analytics 7. Google AdWords 8. Taisykli\u0173 keitimas ir baigiamosios nuostatos 9. J\u016bs\u0173 teis\u0117s\" \/>\n<meta property=\"og:url\" content=\"https:\/\/probidas.lt\/en\/privacy-policy\/\" \/>\n<meta property=\"og:site_name\" content=\"Probidas\" \/>\n<meta property=\"article:modified_time\" content=\"2026-02-02T11:08:24+00:00\" \/>\n<meta property=\"og:image\" content=\"https:\/\/probidas.lt\/wp-content\/uploads\/2025\/02\/Automobiliai-is-JAV.png\" \/>\n\t<meta property=\"og:image:width\" content=\"1790\" \/>\n\t<meta property=\"og:image:height\" content=\"1000\" \/>\n\t<meta property=\"og:image:type\" content=\"image\/png\" \/>\n<meta name=\"twitter:card\" content=\"summary_large_image\" \/>\n<meta name=\"twitter:label1\" content=\"Est. reading time\" \/>\n\t<meta name=\"twitter:data1\" content=\"5 minutes\" \/>\n<script type=\"application\/ld+json\" class=\"yoast-schema-graph\">{\"@context\":\"https:\/\/schema.org\",\"@graph\":[{\"@type\":\"WebPage\",\"@id\":\"https:\/\/probidas.lt\/en\/privacy-policy\/\",\"url\":\"https:\/\/probidas.lt\/en\/privacy-policy\/\",\"name\":\"Privacy Policy - Probidas\",\"isPartOf\":{\"@id\":\"https:\/\/probidas.lt\/#website\"},\"datePublished\":\"2024-03-05T11:13:33+00:00\",\"dateModified\":\"2026-02-02T11:08:24+00:00\",\"breadcrumb\":{\"@id\":\"https:\/\/probidas.lt\/en\/privacy-policy\/#breadcrumb\"},\"inLanguage\":\"en-US\",\"potentialAction\":[{\"@type\":\"ReadAction\",\"target\":[\"https:\/\/probidas.lt\/en\/privacy-policy\/\"]}]},{\"@type\":\"BreadcrumbList\",\"@id\":\"https:\/\/probidas.lt\/en\/privacy-policy\/#breadcrumb\",\"itemListElement\":[{\"@type\":\"ListItem\",\"position\":1,\"name\":\"Home\",\"item\":\"https:\/\/probidas.lt\/\"},{\"@type\":\"ListItem\",\"position\":2,\"name\":\"Privacy Policy\"}]},{\"@type\":\"WebSite\",\"@id\":\"https:\/\/probidas.lt\/#website\",\"url\":\"https:\/\/probidas.lt\/\",\"name\":\"Probidas\",\"description\":\"Laim\u0117k automobil\u012f JAV aukcione!\",\"potentialAction\":[{\"@type\":\"SearchAction\",\"target\":{\"@type\":\"EntryPoint\",\"urlTemplate\":\"https:\/\/probidas.lt\/?s={search_term_string}\"},\"query-input\":{\"@type\":\"PropertyValueSpecification\",\"valueRequired\":true,\"valueName\":\"search_term_string\"}}],\"inLanguage\":\"en-US\"}]}<\/script>\n<!-- \/ Yoast SEO plugin. -->","yoast_head_json":{"title":"Privacy Policy - Probidas","robots":{"index":"index","follow":"follow","max-snippet":"max-snippet:-1","max-image-preview":"max-image-preview:large","max-video-preview":"max-video-preview:-1"},"canonical":"https:\/\/probidas.lt\/en\/privacy-policy\/","og_locale":"en_US","og_type":"article","og_title":"Privacy Policy - Probidas","og_description":"1. Bendrosios nuostatos 2. Asmens duomen\u0173 rinkimas, tvarkymas, saugojimas 3. Asmens duomen\u0173 perdavimas tre\u010diosioms \u0161alims 4. Registracijos pateikimo taisykl\u0117s 5. Slapukai (angl. cookies) 6. Google Analytics 7. Google AdWords 8. Taisykli\u0173 keitimas ir baigiamosios nuostatos 9. J\u016bs\u0173 teis\u0117s","og_url":"https:\/\/probidas.lt\/en\/privacy-policy\/","og_site_name":"Probidas","article_modified_time":"2026-02-02T11:08:24+00:00","og_image":[{"width":1790,"height":1000,"url":"https:\/\/probidas.lt\/wp-content\/uploads\/2025\/02\/Automobiliai-is-JAV.png","type":"image\/png"}],"twitter_card":"summary_large_image","twitter_misc":{"Est. reading time":"5 minutes"},"schema":{"@context":"https:\/\/schema.org","@graph":[{"@type":"WebPage","@id":"https:\/\/probidas.lt\/en\/privacy-policy\/","url":"https:\/\/probidas.lt\/en\/privacy-policy\/","name":"Privacy Policy - Probidas","isPartOf":{"@id":"https:\/\/probidas.lt\/#website"},"datePublished":"2024-03-05T11:13:33+00:00","dateModified":"2026-02-02T11:08:24+00:00","breadcrumb":{"@id":"https:\/\/probidas.lt\/en\/privacy-policy\/#breadcrumb"},"inLanguage":"en-US","potentialAction":[{"@type":"ReadAction","target":["https:\/\/probidas.lt\/en\/privacy-policy\/"]}]},{"@type":"BreadcrumbList","@id":"https:\/\/probidas.lt\/en\/privacy-policy\/#breadcrumb","itemListElement":[{"@type":"ListItem","position":1,"name":"Home","item":"https:\/\/probidas.lt\/"},{"@type":"ListItem","position":2,"name":"Privacy Policy"}]},{"@type":"WebSite","@id":"https:\/\/probidas.lt\/#website","url":"https:\/\/probidas.lt\/","name":"Probidas","description":"Laim\u0117k automobil\u012f JAV aukcione!","potentialAction":[{"@type":"SearchAction","target":{"@type":"EntryPoint","urlTemplate":"https:\/\/probidas.lt\/?s={search_term_string}"},"query-input":{"@type":"PropertyValueSpecification","valueRequired":true,"valueName":"search_term_string"}}],"inLanguage":"en-US"}]}},"_links":{"self":[{"href":"https:\/\/probidas.lt\/en\/wp-json\/wp\/v2\/pages\/631","targetHints":{"allow":["GET"]}}],"collection":[{"href":"https:\/\/probidas.lt\/en\/wp-json\/wp\/v2\/pages"}],"about":[{"href":"https:\/\/probidas.lt\/en\/wp-json\/wp\/v2\/types\/page"}],"author":[{"embeddable":true,"href":"https:\/\/probidas.lt\/en\/wp-json\/wp\/v2\/users\/1"}],"replies":[{"embeddable":true,"href":"https:\/\/probidas.lt\/en\/wp-json\/wp\/v2\/comments?post=631"}],"version-history":[{"count":5,"href":"https:\/\/probidas.lt\/en\/wp-json\/wp\/v2\/pages\/631\/revisions"}],"predecessor-version":[{"id":4237,"href":"https:\/\/probidas.lt\/en\/wp-json\/wp\/v2\/pages\/631\/revisions\/4237"}],"wp:attachment":[{"href":"https:\/\/probidas.lt\/en\/wp-json\/wp\/v2\/media?parent=631"}],"curies":[{"name":"wp","href":"https:\/\/api.w.org\/{rel}","templated":true}]}}