{"id":583,"date":"2023-12-14T08:34:24","date_gmt":"2023-12-14T06:34:24","guid":{"rendered":"https:\/\/probidas.lt\/%d1%81%d0%be%d0%b2%d0%b5%d1%82%d1%8b\/"},"modified":"2025-01-20T11:52:10","modified_gmt":"2025-01-20T09:52:10","slug":"%d1%81%d0%be%d0%b2%d0%b5%d1%82%d1%8b","status":"publish","type":"page","link":"https:\/\/probidas.lt\/ru\/%d1%81%d0%be%d0%b2%d0%b5%d1%82%d1%8b\/","title":{"rendered":"\u0421\u043e\u0432\u0435\u0442\u044b"},"content":{"rendered":"\n<div style=\"height:30px\" aria-hidden=\"true\" class=\"wp-block-spacer\"><\/div>\n\n<ul class=\"wp-block-list\">\n<li><a href=\"#remonto-sanaudos\" data-type=\"internal\" data-id=\"#remonto-sanaudos\">Neapskai\u010diuotos remonto s\u0105naudos<\/a><\/li>\n\n\n\n<li><a href=\"#dokumentai\" data-type=\"internal\" data-id=\"#dokumentai\">Dokumentai<\/a><\/li>\n<\/ul>\n\n<h2 class=\"wp-block-heading\" id=\"remonto-sanaudos\">Neapskai\u010diuotos remonto s\u0105naudos<\/h2>\n\n<p>Prie\u0161 nusprend\u017eiant dalyvauti aukcione b\u016btina preliminariai apskai\u010diuoti i\u0161sirinktos transporto priemon\u0117s remonto ka\u0161tus.<\/p>\n\n<p>Perkant transporto priemon\u0119 tikslius remonto ka\u0161tus nuotrauk\u0173 pagrindu apskai\u010diuoti gana sud\u0117tinga: numatyta suma remonto metu \u012fprastai vir\u0161ijama.<\/p>\n\n<p>\u017demiau pamin\u0117ti aspektai, apie kuriuos dauguma klient\u0173 paprastai nesusim\u0105sto:<\/p>\n\n<ul class=\"wp-block-list\">\n<li>Bamperi\u0173 da\u017eymas \/ poliravimas. I\u0161 nuotrauk\u0173 sunku spr\u0119sti apie bamperi\u0173 pa\u017eeidimus, nes jie da\u017enai pa\u017eeid\u017eiami transporto priemones ve\u017eant autokrautuvais. Prakti\u0161kai visus atplukdytus automobilius tenka poliruoti.  <\/li>\n\n\n\n<li>Padangos. Transporto priemon\u0117s i\u0161 JAV labai da\u017enai atvyksta su labai prastos b\u016bkl\u0117s padangomis. <\/li>\n\n\n\n<li>Akumuliatorius. Aukciono tinklapyje matomos nuotraukos padarytos transporto priemon\u0119 vos tik prista\u010dius \u012f aukciono aik\u0161tel\u0119. Transporto priemon\u0117 gali b\u016bti prad\u0117ta pardavin\u0117ti tik po 1-6 m\u0117n., o gal net ir po met\u0173. Prid\u0117j\u0119 siuntimo terminus galime numatyti, kad atplukdytos transporto priemon\u0117s akumuliatoriaus b\u016bkl\u0117 nebus gera. Nor\u0117dami su\u017einoti, kada \u012fvyko auto\u012fvykis, naudokit\u0117s carfax.com patikra.<\/li>\n\n\n\n<li>U\u017evedimo raktai. Da\u017ena situacija, kai aukciono nuotraukose automobilio raktai matyti, o uosto nuotraukose j\u0173 jau neb\u0117ra. Taip nutinka tod\u0117l, kad aukciono aik\u0161tel\u0117je stovin\u010dius automobilius ap\u017ei\u016bri didelis kiekis \u017emoni\u0173, tarp kuri\u0173 pasitaiko ir ilgapir\u0161\u010di\u0173. Automobilio raktai gali kainuoti nuo 100 iki 900 Eur (kaina priklauso nuo automobilio mark\u0117s ir modelio).   <\/li>\n\n\n\n<li>Katalizatoriai. \u0160is punktas aktualus tik <em>muscle car<\/em> tipo automobilius (pvz., Ford mustang, Dodge challenger, Chevrolet camaro) perkantiems klientams. <em>Muscle car<\/em> automobiliai da\u017enai atvyksta su perdaryta i\u0161metimo sistema, pa\u0161alintais katalizatoriais ir kitais i\u0161metimo sistemos komponentais. Nuotraukose \u0161ito pamatyti prakti\u0161kai ne\u012fmanoma. Pilnos i\u0161metimo sistemos kaina prasideda nuo 1000 Eur (kaina priklauso nuo automobilio mark\u0117s ir modelio).   <\/li>\n<\/ul>\n\n<h2 class=\"wp-block-heading\" id=\"dokumentai\">Dokumentai<\/h2>\n\n<p>JAV aukcionuose paskelbtos transporto priemon\u0117s \u012fprastai turi daugyb\u0117 \u012fvairi\u0173 galim\u0173 dokument\u0173 tipu, tod\u0117l pasidaro nebeai\u0161ku, kurie dokumentai transporto priemon\u0117s registracijai tinkami, o kurie j\u0173 netinka nei j\u0105 registruojant, nei eksportuojant. Kad situacij\u0105 palengvintume, savo tinklapyje kiekvien\u0105 dokument\u0105 pa\u017eymime dokumento tinkamum\u0105 parodant\u012f simbol\u012f. <\/p>\n\n<p>Informaciniai simboliai:<\/p>\n\n<ul class=\"wp-block-list\">\n<li><img decoding=\"async\" src=\"https:\/\/probidas.lt\/wp-content\/uploads\/2024\/01\/Group-234.png\" alt=\"\" width=\"18\" height=\"20\"\/> &#8212; tinkamas registruoti Lietuvoje<\/li>\n\n\n\n<li><img decoding=\"async\" width=\"19\" height=\"20\" src=\"https:\/\/probidas.lt\/wp-content\/uploads\/2024\/01\/Vector.png\" alt=\"\"\/> &#8212; tinkamas eksportui, registracija negalima<\/li>\n\n\n\n<li><img decoding=\"async\" src=\"https:\/\/probidas.lt\/wp-content\/uploads\/2024\/01\/Vector-1.png\" alt=\"\" width=\"17\" height=\"20\"\/> &#8212; taikomi papildomi dokument\u0173 tvarkymo mokes\u010diai<\/li>\n\n\n\n<li><img decoding=\"async\" width=\"18\" height=\"20\" src=\"https:\/\/probidas.lt\/wp-content\/uploads\/2024\/01\/Group-236.png\" alt=\"\"\/> &#8212; netinkamas eksportui bei registruoti Lietuvoje<\/li>\n\n\n\n<li><img decoding=\"async\" width=\"20\" height=\"21\" class=\"wp-image-240\" style=\"width: 20px;\" src=\"https:\/\/probidas.lt\/wp-content\/uploads\/2024\/05\/Union.png\" alt=\"\"\/> &#8212; laukiama dokument\u0173, tinkamas registruoti Lietuvoje<\/li>\n\n\n\n<li><img decoding=\"async\" width=\"20\" height=\"22\" class=\"wp-image-243\" style=\"width: 20px;\" src=\"https:\/\/probidas.lt\/wp-content\/uploads\/2024\/05\/Group-234.png\" alt=\"\"\/> &#8212; n\u0117ra informacijos apie tinkamum\u0105<\/li>\n<\/ul>\n\n<p>\u017demiau pateiktas transporto priemon\u0117s registracijai Lietuvoje tinkam\u0173 dokument\u0173 s\u0105ra\u0161as:<\/p>\n\n<figure class=\"wp-block-table\"><table><tbody><tr><td>1<\/td><td>AB &#8212; BOS &#8212; SALVAGE<\/td><\/tr><tr><td>2<\/td><td>AL &#8212; CERTIFICATE OF TITLE<\/td><\/tr><tr><td>3<\/td><td>AL &#8212; CERTIFICATE OF TITLE-SALVAGE TITLE<\/td><\/tr><tr><td>4<\/td><td>AK &#8212; CERTIFICATE OF VEHICLE TITLE<\/td><\/tr><tr><td>5<\/td><td>AZ &#8212; CERTIFICATE OF TITLE<\/td><\/tr><tr><td>6<\/td><td>AZ &#8212; CERT OF TITLE \u2013 SALVAGE<\/td><\/tr><tr><td>7<\/td><td>AR &#8212; CERTIFICATE OF TITLE<\/td><\/tr><tr><td>8<\/td><td>AR &#8212; CERT OF TITLE-SALVAGE<\/td><\/tr><tr><td>9<\/td><td>CA &#8212; CERTIFICATE OF TITLE<\/td><\/tr><tr><td>10<\/td><td>CA &#8212; SALVAGE CERTIFICATE<\/td><\/tr><tr><td>11<\/td><td>CA &#8212; DIS\/DLR\/EXP ONLY CLEAN TITLE<\/td><\/tr><tr><td>12<\/td><td>CO &#8212; CERTIFICATE OF TITLE<\/td><\/tr><tr><td>13<\/td><td>CO &#8212; SALVAGE TITLE<\/td><\/tr><tr><td>14<\/td><td>CT &#8212; CERTIFICATE OF TITLE<\/td><\/tr><tr><td>15<\/td><td>CT &#8212; CLEAR TITLE<\/td><\/tr><tr><td>16<\/td><td>DE &#8212; CERTIFICATE OF TITLE<\/td><\/tr><tr><td>17<\/td><td>DE &#8212; SALVAGE CERTIFICATE<\/td><\/tr><tr><td>18<\/td><td>FL &#8212; CERTIFICATE OF TITLE<\/td><\/tr><tr><td>19<\/td><td>FL- CERT OF TITLE SALVAGE<\/td><\/tr><tr><td>20<\/td><td>FL &#8212; REBUILDABLE<\/td><\/tr><tr><td>21<\/td><td>GA &#8212; CERTIFICATE OF TITLE<\/td><\/tr><tr><td>22<\/td><td>GA &#8212; SALVAGE (DUPLICATE)<\/td><\/tr><tr><td>23<\/td><td>GA &#8212; CERT OF TITLE-SALVAGE<\/td><\/tr><tr><td>24<\/td><td>GA &#8212; CERT OF TITLE-FLOOD SALVAGE<\/td><\/tr><tr><td>25<\/td><td>HI &#8212; CERTIFICATE OF TITLE<\/td><\/tr><tr><td>26<\/td><td>HI &#8212; SALVAGE TITLE<\/td><\/tr><tr><td>27<\/td><td>ID &#8212; CERTIFICATE OF TITLE<\/td><\/tr><tr><td>28<\/td><td>ID &#8212; CERTIFICATE OF TITLE SALVAGE<\/td><\/tr><tr><td>29<\/td><td>IL &#8212; CERTIFICATE OF TITLE<\/td><\/tr><tr><td>30<\/td><td>IL &#8212; SALVAGE CERTIFICATE<\/td><\/tr><tr><td>31<\/td><td>IN &#8212; CERTIFICATE OF TITLE<\/td><\/tr><tr><td>32<\/td><td>IN &#8212; CERTIFICATE OF TITLE-SALVAGE<\/td><\/tr><tr><td>33<\/td><td>IN &#8212; CLEAR<\/td><\/tr><tr><td>34<\/td><td>IA &#8212; CERTIFICATE OF TITLE<\/td><\/tr><tr><td>35<\/td><td>IA &#8212; REGULAR CERTIFICATE<\/td><\/tr><tr><td>36<\/td><td>IA &#8212; REGULAR CERTIFICATE<\/td><\/tr><tr><td>37<\/td><td>IA &#8212; CERTIFICATE OF TITLE-SALVAGE TITLE<\/td><\/tr><tr><td>38<\/td><td>KS &#8212; CERTIFICATE OF TITLE<\/td><\/tr><tr><td>39<\/td><td>KS &#8212; CERT OF TITLE-SALVAGE<\/td><\/tr><tr><td>40<\/td><td>KY &#8212; CERTIFICATE OF TITLE<\/td><\/tr><tr><td>41<\/td><td>KY &#8212; CERT OF TITLE-SALVAGE<\/td><\/tr><tr><td>42<\/td><td>LA &#8212; CERTIFICATE OF TITLE<\/td><\/tr><tr><td>43<\/td><td>LA &#8212; CERT OF TITLE-SALVAGE<\/td><\/tr><tr><td>44<\/td><td>ME &#8212; CERTIFICATE OF TITLE<\/td><\/tr><tr><td>45<\/td><td>ME &#8212; CERTIFICATE OF TITLE-SALVAGE<\/td><\/tr><tr><td>46<\/td><td>ME &#8212; CERT OF TITLE-SALVAGE COLLISIO<\/td><\/tr><tr><td>47<\/td><td>MD &#8212; CERTIFICATE OF TITLE<\/td><\/tr><tr><td>48<\/td><td>MD &#8212; CERTIFICATE OF SALVAGE<\/td><\/tr><tr><td>49<\/td><td>MA &#8212; CERTIFICATE OF TITLE<\/td><\/tr><tr><td>50<\/td><td>MA &#8212; CERTIFICATE OF TITLE-SALVAGE<\/td><\/tr><tr><td>51<\/td><td>MA &#8212; REPAIRABLE-COLLISION-SALVAGE<\/td><\/tr><tr><td>52<\/td><td>MA &#8212; SALVAGE<\/td><\/tr><tr><td>53<\/td><td>MI &#8212; CERTIFICATE OF TITLE<\/td><\/tr><tr><td>54<\/td><td>MI &#8212; CERT OF TITLE-SALVAGE VEHICLE<\/td><\/tr><tr><td>55<\/td><td>MI &#8212; DEALER ONLY CLEAN TITLE<\/td><\/tr><tr><td>56<\/td><td>MI &#8212; PREVIOUS SALVAGE<\/td><\/tr><tr><td>57<\/td><td>MN &#8212; CERTIFICATE OF TITLE<\/td><\/tr><tr><td>58<\/td><td>MN &#8212; CERT OF TITLE-SALVAGE<\/td><\/tr><tr><td>59<\/td><td>MS &#8212; CERTIFICATE OF TITLE<\/td><\/tr><tr><td>60<\/td><td>MS &#8212; CERTIFICATE OF TITLE-SALVAGED<\/td><\/tr><tr><td>61<\/td><td>MO &#8212; CERTIFICATE OF TITLE<\/td><\/tr><tr><td>62<\/td><td>MO &#8212; SALVAGE CERTIFICATE OF TITLE<\/td><\/tr><tr><td>63<\/td><td>MT &#8212; CERTIFICATE OF TITLE<\/td><\/tr><tr><td>64<\/td><td>MT &#8212; SALVAGE CERTIFICATE<\/td><\/tr><tr><td>65<\/td><td>NE &#8212; CERTIFICATE OF TITLE<\/td><\/tr><tr><td>66<\/td><td>NE &#8212; CERTIFICATE OF TITLE-SALVAGE<\/td><\/tr><tr><td>67<\/td><td>NV &#8212; CERTIFICATE OF TITLE<\/td><\/tr><tr><td>68<\/td><td>NV &#8212; SALVAGE TITLE<\/td><\/tr><tr><td>69<\/td><td>NV &#8212; REGULAR<\/td><\/tr><tr><td>70<\/td><td>NH &#8212; CERTIFICATE OF TITLE<\/td><\/tr><tr><td>71<\/td><td>NH &#8212; CERT OF TITLE-SALVAGE<\/td><\/tr><tr><td>72<\/td><td>NJ &#8212; CERTIFICATE OF TITLE<\/td><\/tr><tr><td>73<\/td><td>NJ &#8212; CERTIFICATE OF TITLE-SALVAGE<\/td><\/tr><tr><td>74<\/td><td>NM &#8212; CERTIFICATE OF TITLE<\/td><\/tr><tr><td>75<\/td><td>NM &#8212; CERTIFICATE OF TITLE-SALVAGE<\/td><\/tr><tr><td>76<\/td><td>NY &#8212; CERTIFICATE OF TITLE<\/td><\/tr><tr><td>77<\/td><td>NC &#8212; CLEAN TITLE<\/td><\/tr><tr><td>78<\/td><td>NC &#8212; SALVAGE CERTIFICATE OF TITLE \/ SALVAGE<\/td><\/tr><tr><td>79<\/td><td>ND &#8212; CERTIFICATE OF TITLE<\/td><\/tr><tr><td>80<\/td><td>ND &#8212; CERT OF TITLE &#8212; SALVAGE VEHICLE<\/td><\/tr><tr><td>81<\/td><td>OH &#8212; CERTIFICATE OF TITLE<\/td><\/tr><tr><td>82<\/td><td>OH &#8212; CERT OF TITLE-SALVAGE<\/td><\/tr><tr><td>83<\/td><td>OK &#8212; CERTIFICATE OF TITLE<\/td><\/tr><tr><td>84<\/td><td>OK &#8212; CERT OF TITLE-SALVAGE<\/td><\/tr><tr><td>85<\/td><td>OR &#8212; CERTIFICATE OF TITLE<\/td><\/tr><tr><td>86<\/td><td>OR &#8212; SALVAGE TITLE CERTIFICATE<\/td><\/tr><tr><td>87<\/td><td>PA &#8212; CERT OF TITLE<\/td><\/tr><tr><td>88<\/td><td>PA &#8212; CERTIFICATE OF SALVAGE<\/td><\/tr><tr><td>89<\/td><td>PA &#8212; CERT OF SALV-R=RECONSTRUCTED<\/td><\/tr><tr><td>90<\/td><td>RI &#8212; CERTIFICATE OF TITLE<\/td><\/tr><tr><td>91<\/td><td>RI &#8212; SALVAGE CERTIFICATE OF TITLE<\/td><\/tr><tr><td>92<\/td><td>SC &#8212; CERTIFICATE OF TITLE<\/td><\/tr><tr><td>93<\/td><td>SC &#8212; CERTIFICATE OF TITLE-SALVAGE<\/td><\/tr><tr><td>94<\/td><td>SD &#8212; CERTIFICATE OF TITLE<\/td><\/tr><tr><td>95<\/td><td>SD &#8212; CERT OF TITLE-SALVAGE<\/td><\/tr><tr><td>96<\/td><td>TN &#8212; CERTIFICATE OF TITLE<\/td><\/tr><tr><td>97<\/td><td>TN &#8212; SALVAGE CERTIFICATE<\/td><\/tr><tr><td>98<\/td><td>TX &#8212; CERTIFICATE OF TITLE<\/td><\/tr><tr><td>99<\/td><td>TX &#8212; ORIGINAL<\/td><\/tr><tr><td>100<\/td><td>TX &#8212; SALVAGE VEHICLE TITLE<\/td><\/tr><tr><td>101<\/td><td>TX &#8212; SALVAGE TITLE-FLOOD DAMAGE<\/td><\/tr><tr><td>102<\/td><td>UT &#8212; CERTIFICATE OF TITLE<\/td><\/tr><tr><td>103<\/td><td>UT &#8212; SALVAGE CERTIFICATE<\/td><\/tr><tr><td>104<\/td><td>VT &#8212; CERTIFICATE OF TITLE<\/td><\/tr><tr><td>105<\/td><td>VT &#8212; CERT OF TITLE \u2013 SALVAGE<\/td><\/tr><tr><td>106<\/td><td>VA &#8212; CERTIFICATE OF TITLE<\/td><\/tr><tr><td>107<\/td><td>VA &#8212; CERT OF TITLE &#8212; SALVAGE<\/td><\/tr><tr><td>108<\/td><td>DC &#8212; CERTIFICATE OF TITLE<\/td><\/tr><tr><td>109<\/td><td>DC &#8212; CERT OF TITLE-SALVAGE<\/td><\/tr><tr><td>110<\/td><td>WA &#8212; CERT OF OWNERSHIP-TITLE<\/td><\/tr><tr><td>111<\/td><td>WA &#8212; CERT OF TITLE-SALVAGE<\/td><\/tr><tr><td>112<\/td><td>WV &#8212; CERTIFICATE OF TITLE<\/td><\/tr><tr><td>113<\/td><td>WV &#8212; SALVAGE CERTIFICATE<\/td><\/tr><tr><td>114<\/td><td>WI &#8212; CERTIFICATE OF TITLE<\/td><\/tr><tr><td>115<\/td><td>WI &#8212; CERT OF TITLE CLAIM PAID<\/td><\/tr><tr><td>116<\/td><td>WI &#8212; CERT OF TITLE-SALVAGE<\/td><\/tr><tr><td>117<\/td><td>WY &#8212; CERTIFICATE OF TITLE<\/td><\/tr><tr><td>118<\/td><td>WY &#8212; CERT OF TITLE-SALVAGE<\/td><\/tr><\/tbody><\/table><\/figure>\n","protected":false},"excerpt":{"rendered":"<p>Neapskai\u010diuotos remonto s\u0105naudos Prie\u0161 nusprend\u017eiant dalyvauti aukcione b\u016btina preliminariai apskai\u010diuoti i\u0161sirinktos transporto priemon\u0117s remonto ka\u0161tus. Perkant transporto priemon\u0119 tikslius remonto ka\u0161tus nuotrauk\u0173 pagrindu apskai\u010diuoti gana sud\u0117tinga: numatyta suma remonto metu \u012fprastai vir\u0161ijama. \u017demiau pamin\u0117ti aspektai, apie kuriuos dauguma klient\u0173 paprastai nesusim\u0105sto: Dokumentai JAV aukcionuose paskelbtos transporto priemon\u0117s \u012fprastai turi daugyb\u0117 \u012fvairi\u0173 galim\u0173 dokument\u0173 tipu, tod\u0117l [&hellip;]<\/p>\n","protected":false},"author":1,"featured_media":0,"parent":0,"menu_order":0,"comment_status":"closed","ping_status":"closed","template":"","meta":{"footnotes":""},"class_list":["post-583","page","type-page","status-publish","hentry"],"yoast_head":"<!-- This site is optimized with the Yoast SEO plugin v27.2 - https:\/\/yoast.com\/product\/yoast-seo-wordpress\/ -->\n<title>\u0421\u043e\u0432\u0435\u0442\u044b - Probidas.lt<\/title>\n<meta name=\"robots\" content=\"index, follow, max-snippet:-1, max-image-preview:large, max-video-preview:-1\" \/>\n<link rel=\"canonical\" href=\"https:\/\/probidas.lt\/ru\/\u0441\u043e\u0432\u0435\u0442\u044b\/\" \/>\n<meta property=\"og:locale\" content=\"ru_RU\" \/>\n<meta property=\"og:type\" content=\"article\" \/>\n<meta property=\"og:title\" content=\"\u0421\u043e\u0432\u0435\u0442\u044b - Probidas.lt\" \/>\n<meta property=\"og:description\" content=\"Neapskai\u010diuotos remonto s\u0105naudos Prie\u0161 nusprend\u017eiant dalyvauti aukcione b\u016btina preliminariai apskai\u010diuoti i\u0161sirinktos transporto priemon\u0117s remonto ka\u0161tus. Perkant transporto priemon\u0119 tikslius remonto ka\u0161tus nuotrauk\u0173 pagrindu apskai\u010diuoti gana sud\u0117tinga: numatyta suma remonto metu \u012fprastai vir\u0161ijama. \u017demiau pamin\u0117ti aspektai, apie kuriuos dauguma klient\u0173 paprastai nesusim\u0105sto: Dokumentai JAV aukcionuose paskelbtos transporto priemon\u0117s \u012fprastai turi daugyb\u0117 \u012fvairi\u0173 galim\u0173 dokument\u0173 tipu, tod\u0117l [&hellip;]\" \/>\n<meta property=\"og:url\" content=\"https:\/\/probidas.lt\/ru\/\u0441\u043e\u0432\u0435\u0442\u044b\/\" \/>\n<meta property=\"og:site_name\" content=\"Probidas.lt\" \/>\n<meta property=\"article:modified_time\" content=\"2025-01-20T09:52:10+00:00\" \/>\n<meta property=\"og:image\" content=\"https:\/\/probidas.lt\/wp-content\/uploads\/2024\/01\/Group-234.png\" \/>\n<meta name=\"twitter:card\" content=\"summary_large_image\" \/>\n<meta name=\"twitter:label1\" content=\"\u041f\u0440\u0438\u043c\u0435\u0440\u043d\u043e\u0435 \u0432\u0440\u0435\u043c\u044f \u0434\u043b\u044f \u0447\u0442\u0435\u043d\u0438\u044f\" \/>\n\t<meta name=\"twitter:data1\" content=\"5 \u043c\u0438\u043d\u0443\u0442\" \/>\n<script type=\"application\/ld+json\" class=\"yoast-schema-graph\">{\"@context\":\"https:\/\/schema.org\",\"@graph\":[{\"@type\":\"WebPage\",\"@id\":\"https:\/\/probidas.lt\/ru\/%d1%81%d0%be%d0%b2%d0%b5%d1%82%d1%8b\/\",\"url\":\"https:\/\/probidas.lt\/ru\/%d1%81%d0%be%d0%b2%d0%b5%d1%82%d1%8b\/\",\"name\":\"\u0421\u043e\u0432\u0435\u0442\u044b - Probidas.lt\",\"isPartOf\":{\"@id\":\"https:\/\/probidas.lt\/#website\"},\"primaryImageOfPage\":{\"@id\":\"https:\/\/probidas.lt\/ru\/%d1%81%d0%be%d0%b2%d0%b5%d1%82%d1%8b\/#primaryimage\"},\"image\":{\"@id\":\"https:\/\/probidas.lt\/ru\/%d1%81%d0%be%d0%b2%d0%b5%d1%82%d1%8b\/#primaryimage\"},\"thumbnailUrl\":\"https:\/\/probidas.lt\/wp-content\/uploads\/2024\/01\/Group-234.png\",\"datePublished\":\"2023-12-14T06:34:24+00:00\",\"dateModified\":\"2025-01-20T09:52:10+00:00\",\"breadcrumb\":{\"@id\":\"https:\/\/probidas.lt\/ru\/%d1%81%d0%be%d0%b2%d0%b5%d1%82%d1%8b\/#breadcrumb\"},\"inLanguage\":\"ru-RU\",\"potentialAction\":[{\"@type\":\"ReadAction\",\"target\":[\"https:\/\/probidas.lt\/ru\/%d1%81%d0%be%d0%b2%d0%b5%d1%82%d1%8b\/\"]}]},{\"@type\":\"ImageObject\",\"inLanguage\":\"ru-RU\",\"@id\":\"https:\/\/probidas.lt\/ru\/%d1%81%d0%be%d0%b2%d0%b5%d1%82%d1%8b\/#primaryimage\",\"url\":\"https:\/\/probidas.lt\/wp-content\/uploads\/2024\/01\/Group-234.png\",\"contentUrl\":\"https:\/\/probidas.lt\/wp-content\/uploads\/2024\/01\/Group-234.png\"},{\"@type\":\"BreadcrumbList\",\"@id\":\"https:\/\/probidas.lt\/ru\/%d1%81%d0%be%d0%b2%d0%b5%d1%82%d1%8b\/#breadcrumb\",\"itemListElement\":[{\"@type\":\"ListItem\",\"position\":1,\"name\":\"Home\",\"item\":\"https:\/\/probidas.lt\/\"},{\"@type\":\"ListItem\",\"position\":2,\"name\":\"\u0421\u043e\u0432\u0435\u0442\u044b\"}]},{\"@type\":\"WebSite\",\"@id\":\"https:\/\/probidas.lt\/#website\",\"url\":\"https:\/\/probidas.lt\/\",\"name\":\"Probidas.lt\",\"description\":\"Laim\u0117k automobil\u012f JAV aukcione!\",\"potentialAction\":[{\"@type\":\"SearchAction\",\"target\":{\"@type\":\"EntryPoint\",\"urlTemplate\":\"https:\/\/probidas.lt\/?s={search_term_string}\"},\"query-input\":{\"@type\":\"PropertyValueSpecification\",\"valueRequired\":true,\"valueName\":\"search_term_string\"}}],\"inLanguage\":\"ru-RU\"}]}<\/script>\n<!-- \/ Yoast SEO plugin. -->","yoast_head_json":{"title":"\u0421\u043e\u0432\u0435\u0442\u044b - Probidas.lt","robots":{"index":"index","follow":"follow","max-snippet":"max-snippet:-1","max-image-preview":"max-image-preview:large","max-video-preview":"max-video-preview:-1"},"canonical":"https:\/\/probidas.lt\/ru\/\u0441\u043e\u0432\u0435\u0442\u044b\/","og_locale":"ru_RU","og_type":"article","og_title":"\u0421\u043e\u0432\u0435\u0442\u044b - Probidas.lt","og_description":"Neapskai\u010diuotos remonto s\u0105naudos Prie\u0161 nusprend\u017eiant dalyvauti aukcione b\u016btina preliminariai apskai\u010diuoti i\u0161sirinktos transporto priemon\u0117s remonto ka\u0161tus. Perkant transporto priemon\u0119 tikslius remonto ka\u0161tus nuotrauk\u0173 pagrindu apskai\u010diuoti gana sud\u0117tinga: numatyta suma remonto metu \u012fprastai vir\u0161ijama. \u017demiau pamin\u0117ti aspektai, apie kuriuos dauguma klient\u0173 paprastai nesusim\u0105sto: Dokumentai JAV aukcionuose paskelbtos transporto priemon\u0117s \u012fprastai turi daugyb\u0117 \u012fvairi\u0173 galim\u0173 dokument\u0173 tipu, tod\u0117l [&hellip;]","og_url":"https:\/\/probidas.lt\/ru\/\u0441\u043e\u0432\u0435\u0442\u044b\/","og_site_name":"Probidas.lt","article_modified_time":"2025-01-20T09:52:10+00:00","og_image":[{"url":"https:\/\/probidas.lt\/wp-content\/uploads\/2024\/01\/Group-234.png","type":"","width":"","height":""}],"twitter_card":"summary_large_image","twitter_misc":{"\u041f\u0440\u0438\u043c\u0435\u0440\u043d\u043e\u0435 \u0432\u0440\u0435\u043c\u044f \u0434\u043b\u044f \u0447\u0442\u0435\u043d\u0438\u044f":"5 \u043c\u0438\u043d\u0443\u0442"},"schema":{"@context":"https:\/\/schema.org","@graph":[{"@type":"WebPage","@id":"https:\/\/probidas.lt\/ru\/%d1%81%d0%be%d0%b2%d0%b5%d1%82%d1%8b\/","url":"https:\/\/probidas.lt\/ru\/%d1%81%d0%be%d0%b2%d0%b5%d1%82%d1%8b\/","name":"\u0421\u043e\u0432\u0435\u0442\u044b - Probidas.lt","isPartOf":{"@id":"https:\/\/probidas.lt\/#website"},"primaryImageOfPage":{"@id":"https:\/\/probidas.lt\/ru\/%d1%81%d0%be%d0%b2%d0%b5%d1%82%d1%8b\/#primaryimage"},"image":{"@id":"https:\/\/probidas.lt\/ru\/%d1%81%d0%be%d0%b2%d0%b5%d1%82%d1%8b\/#primaryimage"},"thumbnailUrl":"https:\/\/probidas.lt\/wp-content\/uploads\/2024\/01\/Group-234.png","datePublished":"2023-12-14T06:34:24+00:00","dateModified":"2025-01-20T09:52:10+00:00","breadcrumb":{"@id":"https:\/\/probidas.lt\/ru\/%d1%81%d0%be%d0%b2%d0%b5%d1%82%d1%8b\/#breadcrumb"},"inLanguage":"ru-RU","potentialAction":[{"@type":"ReadAction","target":["https:\/\/probidas.lt\/ru\/%d1%81%d0%be%d0%b2%d0%b5%d1%82%d1%8b\/"]}]},{"@type":"ImageObject","inLanguage":"ru-RU","@id":"https:\/\/probidas.lt\/ru\/%d1%81%d0%be%d0%b2%d0%b5%d1%82%d1%8b\/#primaryimage","url":"https:\/\/probidas.lt\/wp-content\/uploads\/2024\/01\/Group-234.png","contentUrl":"https:\/\/probidas.lt\/wp-content\/uploads\/2024\/01\/Group-234.png"},{"@type":"BreadcrumbList","@id":"https:\/\/probidas.lt\/ru\/%d1%81%d0%be%d0%b2%d0%b5%d1%82%d1%8b\/#breadcrumb","itemListElement":[{"@type":"ListItem","position":1,"name":"Home","item":"https:\/\/probidas.lt\/"},{"@type":"ListItem","position":2,"name":"\u0421\u043e\u0432\u0435\u0442\u044b"}]},{"@type":"WebSite","@id":"https:\/\/probidas.lt\/#website","url":"https:\/\/probidas.lt\/","name":"Probidas.lt","description":"Laim\u0117k automobil\u012f JAV aukcione!","potentialAction":[{"@type":"SearchAction","target":{"@type":"EntryPoint","urlTemplate":"https:\/\/probidas.lt\/?s={search_term_string}"},"query-input":{"@type":"PropertyValueSpecification","valueRequired":true,"valueName":"search_term_string"}}],"inLanguage":"ru-RU"}]}},"_links":{"self":[{"href":"https:\/\/probidas.lt\/ru\/wp-json\/wp\/v2\/pages\/583","targetHints":{"allow":["GET"]}}],"collection":[{"href":"https:\/\/probidas.lt\/ru\/wp-json\/wp\/v2\/pages"}],"about":[{"href":"https:\/\/probidas.lt\/ru\/wp-json\/wp\/v2\/types\/page"}],"author":[{"embeddable":true,"href":"https:\/\/probidas.lt\/ru\/wp-json\/wp\/v2\/users\/1"}],"replies":[{"embeddable":true,"href":"https:\/\/probidas.lt\/ru\/wp-json\/wp\/v2\/comments?post=583"}],"version-history":[{"count":1,"href":"https:\/\/probidas.lt\/ru\/wp-json\/wp\/v2\/pages\/583\/revisions"}],"predecessor-version":[{"id":585,"href":"https:\/\/probidas.lt\/ru\/wp-json\/wp\/v2\/pages\/583\/revisions\/585"}],"wp:attachment":[{"href":"https:\/\/probidas.lt\/ru\/wp-json\/wp\/v2\/media?parent=583"}],"curies":[{"name":"wp","href":"https:\/\/api.w.org\/{rel}","templated":true}]}}